{"id":56,"date":"2014-01-24T14:51:48","date_gmt":"2014-01-24T13:51:48","guid":{"rendered":"http:\/\/www.rencontre-sugardaddy.fr\/?page_id=56"},"modified":"2025-04-16T15:32:44","modified_gmt":"2025-04-16T14:32:44","slug":"conseils-pour-les-femmes-qui-recherchent-leur-sugar-daddy","status":"publish","type":"page","link":"https:\/\/www.rencontre-sugardaddy.fr\/?page_id=56","title":{"rendered":"Conseils pour les femmes qui recherchent leur Sugar Daddy!"},"content":{"rendered":"<p style=\"text-align: left;\">Vous avez tous et toutes entendu parler des <a title=\"Vous avez toutes entendu parler des cougars?\" href=\"http:\/\/www.placecougar.com\" target=\"_blank\" rel=\"noopener\">femmes cougars<\/a>? &#8230;Ou encore des sites sp\u00e9cialis\u00e9s dans les <a title=\"Sites de rencontres adult\u00e8res\" href=\"http:\/\/www.amourxxl.com\" target=\"_blank\" rel=\"noopener\">rencontres de femmes rondes<\/a>?\u00a0Eh bien maintenant, tous ces sites \u00ab\u00a0de niches\u00a0\u00bb sont d\u00e9j\u00e0\u00a0d\u00e9mod\u00e9s!\u00a0<strong>&#8230;Place aux Sugar Daddies (litt\u00e9ralement les \u00ab\u00a0papas g\u00e2teaux\u00a0\u00bb), la nouvelle mode arriv\u00e9e tout droit des Etats Unis!<\/strong><\/p>\n<p style=\"text-align: left;\"><strong>Si vous \u00eates une femme, voici donc quelques conseils pour r\u00e9ussir \u00e0 trouver votre sugar daddy!<\/strong><\/p>\n<p style=\"text-align: left;\">Pour devenir millionnaire, il faut, soit travailler dur pendant de longues ann\u00e9es, soit s\u00e9duire un homme millionnaire et l&rsquo;\u00e9pouser !<br \/>\nCette id\u00e9e vous semble ridicule ? Alors, sachez, pour commencer, que les millionnaires sont de plus en plus nombreux dans le monde!<br \/>\nD&rsquo;autre part, essayez d&rsquo;imaginer la vie que vous pourriez avoir en \u00e9pousant un homme riche:<br \/>\n&#8211; Vous aimez les chaussures, les sacs \u00e0 mains, les v\u00eatements de marques, les bijoux ?<br \/>\n&#8211; Vous avez toujours r\u00eav\u00e9 de visiter Monaco, Ibiza, Miami, Meg\u00e8ve, Saint-Barth\u00e9l\u00e9my, Duba\u00ef (&#8230;) et beaucoup d&rsquo;autres endroits exotiques ?<\/p>\n<p style=\"text-align: left;\">Bref, pour donner un coup de pouce \u00e0 votre destin et mettre toutes les chances de votre c\u00f4t\u00e9, vous pouvez suivre plusieurs pistes :<br \/>\n&#8211; Pour commencer trouvez vous un bon job qui vous permettra de fr\u00e9quenter des hommes ais\u00e9s ; \u00e9pouser son patron est un bon d\u00e9but!<br \/>\n&#8211; Recherchez du c\u00f4t\u00e9 des homme d&rsquo;un certain \u00e2ge (voire carr\u00e9ment du c\u00f4t\u00e9 des\u00a0<a href=\"https:\/\/senior.proximeety.com\" target=\"_blank\" rel=\"noopener\">Seniors<\/a>) qui \u00e9voluent au sommet de leur vie professionnelle&#8230;<br \/>\n&#8211; Essayez aussi de d\u00e9m\u00e9nager au plus pr\u00e8s des quartier hupp\u00e9s&#8230;<br \/>\n&#8211; Enfin, sortez dans des bars et dans des boites branch\u00e9es fr\u00e9quent\u00e9es par une client\u00e8le fortun\u00e9e&#8230;<br \/>\nEtc.<\/p>\n<p style=\"text-align: left;\">PDG\/entrepreneur de plus de 50 ans, jeune businessman, trader en bitcoin et en cryptomonnaies, informaticien, avocat, chirurgien, sportif professionnel, artiste de renom??&#8230; Sur qui se portera votre choix???<\/p>\n<p style=\"text-align: left;\">&#8230;Et si tout cela vous semble un peu compliqu\u00e9, vous pouvez toujours commencer par vous inscrire sur notre site!!<\/p>\n<p style=\"text-align: center;\"><img loading=\"lazy\" decoding=\"async\" class=\"size-full wp-image-10 aligncenter\" src=\"http:\/\/www.rencontre-sugardaddy.fr\/wp-content\/uploads\/2014\/01\/belle_femme_rencontre_homme_millionnaire.jpg\" alt=\"belle_femme_rencontre_homme_millionnaire\" width=\"585\" height=\"197\" srcset=\"https:\/\/www.rencontre-sugardaddy.fr\/wp-content\/uploads\/2014\/01\/belle_femme_rencontre_homme_millionnaire.jpg 585w, https:\/\/www.rencontre-sugardaddy.fr\/wp-content\/uploads\/2014\/01\/belle_femme_rencontre_homme_millionnaire-300x101.jpg 300w\" sizes=\"auto, (max-width: 585px) 100vw, 585px\" \/><\/p>\n<p>&nbsp;<\/p>\n","protected":false},"excerpt":{"rendered":"<p>Vous avez tous et toutes entendu parler des femmes cougars? &#8230;Ou encore des sites sp\u00e9cialis\u00e9s dans les rencontres de femmes rondes?\u00a0Eh bien maintenant, tous ces sites \u00ab\u00a0de niches\u00a0\u00bb sont d\u00e9j\u00e0\u00a0d\u00e9mod\u00e9s!\u00a0&#8230;Place aux Sugar Daddies (litt\u00e9ralement les \u00ab\u00a0papas g\u00e2teaux\u00a0\u00bb), la nouvelle mode arriv\u00e9e tout droit des Etats Unis! Si vous \u00eates une femme, voici donc quelques conseils [&hellip;]<\/p>\n","protected":false},"author":1,"featured_media":0,"parent":0,"menu_order":2,"comment_status":"closed","ping_status":"open","template":"","meta":{"footnotes":""},"class_list":["post-56","page","type-page","status-publish","hentry"],"_links":{"self":[{"href":"https:\/\/www.rencontre-sugardaddy.fr\/index.php?rest_route=\/wp\/v2\/pages\/56","targetHints":{"allow":["GET"]}}],"collection":[{"href":"https:\/\/www.rencontre-sugardaddy.fr\/index.php?rest_route=\/wp\/v2\/pages"}],"about":[{"href":"https:\/\/www.rencontre-sugardaddy.fr\/index.php?rest_route=\/wp\/v2\/types\/page"}],"author":[{"embeddable":true,"href":"https:\/\/www.rencontre-sugardaddy.fr\/index.php?rest_route=\/wp\/v2\/users\/1"}],"replies":[{"embeddable":true,"href":"https:\/\/www.rencontre-sugardaddy.fr\/index.php?rest_route=%2Fwp%2Fv2%2Fcomments&post=56"}],"version-history":[{"count":33,"href":"https:\/\/www.rencontre-sugardaddy.fr\/index.php?rest_route=\/wp\/v2\/pages\/56\/revisions"}],"predecessor-version":[{"id":303,"href":"https:\/\/www.rencontre-sugardaddy.fr\/index.php?rest_route=\/wp\/v2\/pages\/56\/revisions\/303"}],"wp:attachment":[{"href":"https:\/\/www.rencontre-sugardaddy.fr\/index.php?rest_route=%2Fwp%2Fv2%2Fmedia&parent=56"}],"curies":[{"name":"wp","href":"https:\/\/api.w.org\/{rel}","templated":true}]}}