{"id":2,"date":"2014-01-24T15:05:48","date_gmt":"2014-01-24T14:05:48","guid":{"rendered":"http:\/\/www.rencontre-sugardaddy.fr\/?page_id=2"},"modified":"2019-07-09T14:20:03","modified_gmt":"2019-07-09T13:20:03","slug":"page-d-exemple","status":"publish","type":"page","link":"https:\/\/www.rencontre-sugardaddy.fr\/","title":{"rendered":"INSCRIPTION RAPIDE!"},"content":{"rendered":"<p style=\"text-align: center;\"><a href=\"http:\/\/www.rencontre-sugardaddy.fr\/wp-content\/uploads\/2014\/01\/Logo-rencontre-Sugar-Daddy.jpg\"><img loading=\"lazy\" decoding=\"async\" class=\"alignnone size-full wp-image-14\" src=\"http:\/\/www.rencontre-sugardaddy.fr\/wp-content\/uploads\/2014\/01\/Logo-rencontre-Sugar-Daddy.jpg\" alt=\"Logo-rencontre-Sugar-Daddy\" width=\"407\" height=\"146\" srcset=\"https:\/\/www.rencontre-sugardaddy.fr\/wp-content\/uploads\/2014\/01\/Logo-rencontre-Sugar-Daddy.jpg 407w, https:\/\/www.rencontre-sugardaddy.fr\/wp-content\/uploads\/2014\/01\/Logo-rencontre-Sugar-Daddy-300x107.jpg 300w\" sizes=\"auto, (max-width: 407px) 100vw, 407px\" \/><br \/>\n<\/a><strong>Pour rejoindre des milliers de jolies jeunes femmes c\u00e9libataires\u2026<br \/>\n<\/strong><strong>\u2026et\/ou pour rencontrer un homme SUGAR DADDY,<br \/>\n<span style=\"color: #cc9600;\">C\u2019est facile, inscrivez-vous gratuitement!<\/span> <\/strong><\/p>\n<form action=\"https:\/\/www.proximeety.com\/creation_compte.php\" method=\"post\" name=\"InscriptionForm\">\n<fieldset style=\"border: 0px;\"><input name=\"provenance\" type=\"hidden\" value=\"http:\/\/www.rencontre-sugardaddy.fr\" \/><\/p>\n<table border=\"0\" width=\"585px\" cellspacing=\"0\" cellpadding=\"0\" bgcolor=\"#17262d\">\n<tbody>\n<tr>\n<td align=\"right\" width=\"50%\"><label for=\"sexe\">Vous \u00eates : <\/label><\/td>\n<td align=\"left\" width=\"50%\"><select class=\"home_formulaire_inscription_select\" name=\"sexe\"><option selected=\"selected\" value=\"0\">Choisissez :<\/option><option value=\"F\">&#8211; une femme<\/option><option value=\"H\">&#8211; un homme<\/option><\/select><\/td>\n<\/tr>\n<tr>\n<td align=\"right\"><label for=\"sexe_recherche\">Vous recherchez : <\/label><\/td>\n<td align=\"left\"><select class=\"home_formulaire_inscription_select\" name=\"sexe_recherche\"><option selected=\"selected\" value=\"0\">Choisissez :<\/option><option value=\"F\">&#8211; une femme<\/option><option value=\"H\">&#8211; un homme<\/option><option value=\"2\">&#8211; femme et homme<\/option><\/select><\/td>\n<\/tr>\n<tr>\n<td align=\"right\"><label for=\"email1\">Votre e-mail : <\/label><\/td>\n<td align=\"left\"><input maxlength=\"50\" name=\"email1\" type=\"text\" \/><\/td>\n<\/tr>\n<tr>\n<td align=\"right\"><label for=\"login\">Choisissez un pseudo : <\/label><\/td>\n<td align=\"left\"><input maxlength=\"50\" name=\"login\" type=\"text\" \/><\/td>\n<\/tr>\n<tr>\n<td align=\"right\"><label for=\"password\">Choisissez un mot de passe : <\/label><\/td>\n<td align=\"left\"><input maxlength=\"50\" name=\"password\" type=\"text\" \/><\/td>\n<\/tr>\n<tr>\n<td align=\"right\"><label for=\"jour_naissance\">Votre date de naissance: <\/label><\/td>\n<td align=\"left\"><select style=\"width: 40px;\" name=\"jour_naissance\"><option value=\"1\">1<\/option><option value=\"2\">2<\/option><option value=\"3\">3<\/option><option value=\"4\">4<\/option><option value=\"5\">5<\/option><option value=\"6\">6<\/option><option value=\"7\">7<\/option><option value=\"8\">8<\/option><option value=\"9\">9<\/option><option value=\"10\">10<\/option><option value=\"11\">11<\/option><option value=\"12\">12<\/option><option value=\"13\">13<\/option><option value=\"14\">14<\/option><option value=\"15\">15<\/option><option value=\"16\">16<\/option><option value=\"17\">17<\/option><option value=\"18\">18<\/option><option value=\"19\">19<\/option><option value=\"20\">20<\/option><option value=\"21\">21<\/option><option value=\"22\">22<\/option><option value=\"23\">23<\/option><option value=\"24\">24<\/option><option value=\"25\">25<\/option><option value=\"26\">26<\/option><option value=\"27\">27<\/option><option value=\"28\">28<\/option><option value=\"29\">29<\/option><option value=\"30\">30<\/option><option value=\"31\">31<\/option><\/select><select style=\"width: 40px;\" name=\"mois_naissance\"><option value=\"1\">1<\/option><option value=\"2\">2<\/option><option value=\"3\">3<\/option><option value=\"4\">4<\/option><option value=\"5\">5<\/option><option value=\"6\">6<\/option><option value=\"7\">7<\/option><option value=\"8\">8<\/option><option value=\"9\">9<\/option><option value=\"10\">10<\/option><option value=\"11\">11<\/option><option value=\"12\">12<\/option><\/select><select style=\"width: 80px;\" name=\"annee_naissance\"><option value=\"1998\">1998<\/option><option value=\"1997\">1997<\/option><option value=\"1996\">1996<\/option><option value=\"1995\">1995<\/option><option value=\"1994\">1994<\/option><option value=\"1993\">1993<\/option><option value=\"1992\">1992<\/option><option value=\"1991\">1991<\/option><option value=\"1990\">1990<\/option><option value=\"1989\">1989<\/option><option value=\"1988\">1988<\/option><option value=\"1987\">1987<\/option><option value=\"1986\">1986<\/option><option value=\"1985\">1985<\/option><option value=\"1984\">1984<\/option><option value=\"1983\">1983<\/option><option value=\"1982\">1982<\/option><option value=\"1981\">1981<\/option><option value=\"1980\">1980<\/option><option value=\"1979\">1979<\/option><option value=\"1978\">1978<\/option><option value=\"1977\">1977<\/option><option value=\"1976\">1976<\/option><option value=\"1975\">1975<\/option><option value=\"1974\">1974<\/option><option value=\"1973\">1973<\/option><option value=\"1972\">1972<\/option><option value=\"1971\">1971<\/option><option value=\"1970\">1970<\/option><option value=\"1969\">1969<\/option><option value=\"1968\">1968<\/option><option value=\"1967\">1967<\/option><option value=\"1966\">1966<\/option><option value=\"1965\">1965<\/option><option value=\"1964\">1964<\/option><option value=\"1963\">1963<\/option><option value=\"1962\">1962<\/option><option value=\"1961\">1961<\/option><option value=\"1960\">1960<\/option><option value=\"1959\">1959<\/option><option value=\"1958\">1958<\/option><option value=\"1957\">1957<\/option><option value=\"1956\">1956<\/option><option value=\"1955\">1955<\/option><option value=\"1954\">1954<\/option><option value=\"1953\">1953<\/option><option value=\"1952\">1952<\/option><option value=\"1951\">1951<\/option><option value=\"1950\">1950<\/option><option value=\"1949\">1949<\/option><option value=\"1948\">1948<\/option><option value=\"1947\">1947<\/option><option value=\"1946\">1946<\/option><option value=\"1945\">1945<\/option><option value=\"1944\">1944<\/option><option value=\"1943\">1943<\/option><option value=\"1942\">1942<\/option><option value=\"1941\">1941<\/option><option value=\"1940\">1940<\/option><option value=\"1939\">1939<\/option><option value=\"1938\">1938<\/option><option value=\"1937\">1937<\/option><option value=\"1936\">1936<\/option><option value=\"1935\">1935<\/option><option value=\"1934\">1934<\/option><option value=\"1933\">1933<\/option><option value=\"1932\">1932<\/option><option value=\"1931\">1931<\/option><option value=\"1930\">1930<\/option><option value=\"1929\">1929<\/option><option value=\"1928\">1928<\/option><option value=\"1927\">1927<\/option><option value=\"1926\">1926<\/option><option value=\"1925\">1925<\/option><option value=\"1924\">1924<\/option><option value=\"1923\">1923<\/option><option value=\"1922\">1922<\/option><option value=\"1921\">1921<\/option><option value=\"1920\">1920<\/option><option value=\"1919\">1919<\/option><option value=\"1918\">1918<\/option><option value=\"1917\">1917<\/option><option value=\"1916\">1916<\/option><option value=\"1915\">1915<\/option><option value=\"1914\">1914<\/option><option value=\"1913\">1913<\/option><option value=\"1912\">1912<\/option><option value=\"1911\">1911<\/option><option value=\"1910\">1910<\/option><option value=\"1909\">1909<\/option><option value=\"1908\">1908<\/option><option value=\"1907\">1907<\/option><option value=\"1906\">1906<\/option><option value=\"1905\">1905<\/option><option value=\"1904\">1904<\/option><option value=\"1903\">1903<\/option><option value=\"1902\">1902<\/option><option value=\"1901\">1901<\/option><option value=\"1900\">1900<\/option><\/select><\/td>\n<\/tr>\n<tr>\n<td><\/td>\n<td align=\"left\"><input name=\"submit\" type=\"submit\" value=\"JE M'INSCRIS\" \/><\/td>\n<\/tr>\n<tr>\n<td colspan=\"2\" align=\"center\"><a href=\"http:\/\/www.proximeety.com\/conditions.html\" target=\"_blank\" rel=\"nofollow\">J&rsquo;ai plus de 18 ans et j&rsquo;accepte les conditions g\u00e9n\u00e9rales<\/a><br \/>\n<input style=\"width: 20px; border: 0px;\" checked=\"checked\" name=\"checkoptin\" type=\"checkbox\" \/> Recevez nos bons plans et ceux de nos partenaires. Services momentan\u00e9ment migr\u00e9s vers notre site partenaire Proximeety.com<\/td>\n<\/tr>\n<\/tbody>\n<\/table>\n<\/fieldset>\n<\/form>\n<p style=\"text-align: center;\"><strong>ILS \/ ELLES VOUS ATTENDENT!<\/strong><\/p>\n<p style=\"text-align: center;\"><img loading=\"lazy\" decoding=\"async\" class=\"alignnone wp-image-11 size-full\" src=\"http:\/\/www.rencontre-sugardaddy.fr\/wp-content\/uploads\/2014\/01\/bloc_photos_suggar-daddy-2.jpg\" alt=\"bloc_photos_suggar-daddy-2\" width=\"585\" height=\"90\" srcset=\"https:\/\/www.rencontre-sugardaddy.fr\/wp-content\/uploads\/2014\/01\/bloc_photos_suggar-daddy-2.jpg 585w, https:\/\/www.rencontre-sugardaddy.fr\/wp-content\/uploads\/2014\/01\/bloc_photos_suggar-daddy-2-300x46.jpg 300w\" sizes=\"auto, (max-width: 585px) 100vw, 585px\" \/><\/p>\n<p style=\"text-align: left;\"><strong>VOUS ETES UNE FEMME?<\/strong><\/p>\n<p style=\"text-align: left;\">Vous avez de l&rsquo;ambition et vous voulez \u00e9pouser\u00a0un homme \u00e9l\u00e9gant, riche et g\u00e9n\u00e9reux qui pourra vous offrir le niveau de vie et le style de vie dont vous avez toujours r\u00eav\u00e9?<br \/>\n=&gt; La r\u00e9ussite est \u00e0 votre port\u00e9e, inscrivez-vous sur notre site d\u00e8s maintenant !<\/p>\n<p style=\"text-align: left;\"><strong>VOUS ETES UN HOMME?<\/strong><\/p>\n<p style=\"text-align: left;\">Vous avez toujours beaucoup travaill\u00e9 dans la vie et finalement vous avez r\u00e9ussi professionnellement!<br \/>\n&#8230;\u00a0Malheureusement, vous avez peut \u00eatre\u00a0n\u00e9glig\u00e9, voir sacrifi\u00e9, pendant de trop longtemps, votre vie affective?<br \/>\nAujourd&rsquo;hui,vous avez d\u00e9cid\u00e9, enfin, de rattraper le temps perdu et vous voulez trouver une belle femme p\u00e9tillante, avec du charme et de l&rsquo;ambition! &#8230;Une jeune femme qui saura appr\u00e9cier l&rsquo;homme m\u00fbr et l&rsquo;homme de caract\u00e8re que vous \u00eates!<br \/>\n=&gt; Notre site est l\u00e0 pour vous aider et vous permettre de rencontrer rapidement des jeunes femmes s\u00e9duisantes, pr\u00e8s de chez vous et\/ou partout dans le monde &#8230;Inscrivez-vous ! (voir formulaire d&rsquo;inscription ci-dessus)<\/p>\n<p style=\"text-align: center;\"><img loading=\"lazy\" decoding=\"async\" class=\"aligncenter wp-image-13 size-full\" src=\"http:\/\/www.rencontre-sugardaddy.fr\/wp-content\/uploads\/2014\/01\/home_rencontre-homme-riche-millionnaire.jpg\" alt=\"home_rencontre-homme-riche-millionnaire\" width=\"585\" height=\"271\" srcset=\"https:\/\/www.rencontre-sugardaddy.fr\/wp-content\/uploads\/2014\/01\/home_rencontre-homme-riche-millionnaire.jpg 585w, https:\/\/www.rencontre-sugardaddy.fr\/wp-content\/uploads\/2014\/01\/home_rencontre-homme-riche-millionnaire-300x138.jpg 300w\" sizes=\"auto, (max-width: 585px) 100vw, 585px\" \/><\/p>\n","protected":false},"excerpt":{"rendered":"<p>Pour rejoindre des milliers de jolies jeunes femmes c\u00e9libataires\u2026 \u2026et\/ou pour rencontrer un homme SUGAR DADDY, C\u2019est facile, inscrivez-vous gratuitement! Vous \u00eates : Choisissez :&#8211; une femme&#8211; un homme Vous recherchez : Choisissez :&#8211; une femme&#8211; un homme&#8211; femme et homme Votre e-mail : Choisissez un pseudo : Choisissez un mot de passe : Votre [&hellip;]<\/p>\n","protected":false},"author":1,"featured_media":0,"parent":0,"menu_order":9,"comment_status":"open","ping_status":"open","template":"","meta":{"footnotes":""},"class_list":["post-2","page","type-page","status-publish","hentry"],"_links":{"self":[{"href":"https:\/\/www.rencontre-sugardaddy.fr\/index.php?rest_route=\/wp\/v2\/pages\/2","targetHints":{"allow":["GET"]}}],"collection":[{"href":"https:\/\/www.rencontre-sugardaddy.fr\/index.php?rest_route=\/wp\/v2\/pages"}],"about":[{"href":"https:\/\/www.rencontre-sugardaddy.fr\/index.php?rest_route=\/wp\/v2\/types\/page"}],"author":[{"embeddable":true,"href":"https:\/\/www.rencontre-sugardaddy.fr\/index.php?rest_route=\/wp\/v2\/users\/1"}],"replies":[{"embeddable":true,"href":"https:\/\/www.rencontre-sugardaddy.fr\/index.php?rest_route=%2Fwp%2Fv2%2Fcomments&post=2"}],"version-history":[{"count":101,"href":"https:\/\/www.rencontre-sugardaddy.fr\/index.php?rest_route=\/wp\/v2\/pages\/2\/revisions"}],"predecessor-version":[{"id":243,"href":"https:\/\/www.rencontre-sugardaddy.fr\/index.php?rest_route=\/wp\/v2\/pages\/2\/revisions\/243"}],"wp:attachment":[{"href":"https:\/\/www.rencontre-sugardaddy.fr\/index.php?rest_route=%2Fwp%2Fv2%2Fmedia&parent=2"}],"curies":[{"name":"wp","href":"https:\/\/api.w.org\/{rel}","templated":true}]}}