{"id":193,"date":"2016-06-22T07:49:24","date_gmt":"2016-06-22T06:49:24","guid":{"rendered":"http:\/\/www.rencontre-sugardaddy.fr\/?page_id=193"},"modified":"2021-03-24T09:44:26","modified_gmt":"2021-03-24T08:44:26","slug":"lerreur-a-ne-pas-commettre-pour-seduire-lhomme-de-vos-reves","status":"publish","type":"page","link":"https:\/\/www.rencontre-sugardaddy.fr\/?page_id=193","title":{"rendered":"L&rsquo;erreur \u00e0 ne pas commettre pour trouver l&rsquo;homme de vos r\u00eaves&#8230;"},"content":{"rendered":"<p><strong>Mesdemoiselles, il ne suffit pas de poster \u00e0 longueur de journ\u00e9e des photos de votre anatomie,\u00a0\u00e0 moiti\u00e9 nue, sur les r\u00e9seau sociaux, pour s\u00e9duire l&rsquo;homme de vos r\u00eaves&#8230; C&rsquo;est m\u00eame une erreur \u00e0 ne pas commettre.<\/strong><\/p>\n<p>Dans son livre \u00ab\u00a0Millionnaire mind\u00a0\u00bb, l&rsquo;\u00e9crivain New Yorkais, auteur de best seller, Thomas J. Stanley explique que les hommes riches recherchent en priorit\u00e9, chez une \u00e9pouse, les qualit\u00e9s suivantes:<br \/>\n&#8211; une \u00e9pouse attentionn\u00e9e,<br \/>\n&#8211; pas \u00e9go\u00efste,<br \/>\n&#8211; ayant les pieds sur terre,<br \/>\n&#8211; patiente,<br \/>\n&#8211; compr\u00e9hensive,<br \/>\n&#8211; capable de les soutenir \u00e9motionnellement.<\/p>\n<p>&#8230;La plupart des hommes millionnaires interrog\u00e9s lors de cette \u00e9tude tr\u00e8s s\u00e9rieuse n&rsquo;ont m\u00eame pas cit\u00e9 de crit\u00e8res physiques. L&rsquo;attraction physique a son importance, bien s\u00fbr, mais \u00e7a n&rsquo;est jamais le facteur le plus important.<br \/>\nAlors les filles, fa\u00eetes un peu d&rsquo;introspection et posez vous cette question: pensez-vous pouvoir r\u00e9pondre \u00e0 ces crit\u00e8res?<\/p>\n<p><img loading=\"lazy\" decoding=\"async\" class=\"alignnone wp-image-196 size-full\" src=\"http:\/\/www.rencontre-sugardaddy.fr\/wp-content\/uploads\/2016\/06\/elles-veulent-toutes-un-sugar-daddy.jpg\" alt=\"elles-veulent-toutes-un-sugar-daddy\" width=\"585\" height=\"349\" srcset=\"https:\/\/www.rencontre-sugardaddy.fr\/wp-content\/uploads\/2016\/06\/elles-veulent-toutes-un-sugar-daddy.jpg 585w, https:\/\/www.rencontre-sugardaddy.fr\/wp-content\/uploads\/2016\/06\/elles-veulent-toutes-un-sugar-daddy-300x179.jpg 300w\" sizes=\"auto, (max-width: 585px) 100vw, 585px\" \/><\/p>\n","protected":false},"excerpt":{"rendered":"<p>Mesdemoiselles, il ne suffit pas de poster \u00e0 longueur de journ\u00e9e des photos de votre anatomie,\u00a0\u00e0 moiti\u00e9 nue, sur les r\u00e9seau sociaux, pour s\u00e9duire l&rsquo;homme de vos r\u00eaves&#8230; C&rsquo;est m\u00eame une erreur \u00e0 ne pas commettre. Dans son livre \u00ab\u00a0Millionnaire mind\u00a0\u00bb, l&rsquo;\u00e9crivain New Yorkais, auteur de best seller, Thomas J. Stanley explique que les hommes [&hellip;]<\/p>\n","protected":false},"author":1,"featured_media":0,"parent":0,"menu_order":3,"comment_status":"closed","ping_status":"closed","template":"","meta":{"footnotes":""},"class_list":["post-193","page","type-page","status-publish","hentry"],"_links":{"self":[{"href":"https:\/\/www.rencontre-sugardaddy.fr\/index.php?rest_route=\/wp\/v2\/pages\/193","targetHints":{"allow":["GET"]}}],"collection":[{"href":"https:\/\/www.rencontre-sugardaddy.fr\/index.php?rest_route=\/wp\/v2\/pages"}],"about":[{"href":"https:\/\/www.rencontre-sugardaddy.fr\/index.php?rest_route=\/wp\/v2\/types\/page"}],"author":[{"embeddable":true,"href":"https:\/\/www.rencontre-sugardaddy.fr\/index.php?rest_route=\/wp\/v2\/users\/1"}],"replies":[{"embeddable":true,"href":"https:\/\/www.rencontre-sugardaddy.fr\/index.php?rest_route=%2Fwp%2Fv2%2Fcomments&post=193"}],"version-history":[{"count":16,"href":"https:\/\/www.rencontre-sugardaddy.fr\/index.php?rest_route=\/wp\/v2\/pages\/193\/revisions"}],"predecessor-version":[{"id":278,"href":"https:\/\/www.rencontre-sugardaddy.fr\/index.php?rest_route=\/wp\/v2\/pages\/193\/revisions\/278"}],"wp:attachment":[{"href":"https:\/\/www.rencontre-sugardaddy.fr\/index.php?rest_route=%2Fwp%2Fv2%2Fmedia&parent=193"}],"curies":[{"name":"wp","href":"https:\/\/api.w.org\/{rel}","templated":true}]}}